{"id":783,"date":"2022-05-17T11:16:39","date_gmt":"2022-05-17T10:16:39","guid":{"rendered":"https:\/\/b-ocean.pt\/?page_id=783"},"modified":"2022-07-05T00:00:37","modified_gmt":"2022-07-04T23:00:37","slug":"termos-e-condicoes","status":"publish","type":"page","link":"https:\/\/b-ocean.pt\/index.php\/termos-e-condicoes\/","title":{"rendered":"termos e condi\u00e7\u00f5es"},"content":{"rendered":"\t\t<div data-elementor-type=\"wp-page\" data-elementor-id=\"783\" class=\"elementor elementor-783\" data-elementor-post-type=\"page\">\n\t\t\t\t\t\t<section class=\"elementor-section elementor-top-section elementor-element elementor-element-1babd68 elementor-section-boxed elementor-section-height-default elementor-section-height-default\" data-id=\"1babd68\" data-element_type=\"section\" data-e-type=\"section\">\n\t\t\t\t\t\t<div class=\"elementor-container elementor-column-gap-default\">\n\t\t\t\t\t<div class=\"elementor-column elementor-col-100 elementor-top-column elementor-element elementor-element-58bee1f\" data-id=\"58bee1f\" data-element_type=\"column\" data-e-type=\"column\">\n\t\t\t<div class=\"elementor-widget-wrap elementor-element-populated\">\n\t\t\t\t\t\t<div class=\"elementor-element elementor-element-6017c24 elementor-widget elementor-widget-heading\" data-id=\"6017c24\" data-element_type=\"widget\" data-e-type=\"widget\" data-widget_type=\"heading.default\">\n\t\t\t\t<div class=\"elementor-widget-container\">\n\t\t\t\t\t<h2 class=\"elementor-heading-title elementor-size-default\">\/\/ TERMOS E CONDI\u00c7\u00d5ES\n<\/h2>\t\t\t\t<\/div>\n\t\t\t\t<\/div>\n\t\t\t\t<div class=\"elementor-element elementor-element-8c33566 elementor-widget elementor-widget-heading\" data-id=\"8c33566\" data-element_type=\"widget\" data-e-type=\"widget\" data-widget_type=\"heading.default\">\n\t\t\t\t<div class=\"elementor-widget-container\">\n\t\t\t\t\t<h3 class=\"elementor-heading-title elementor-size-default\">CONDI\u00c7\u00d5ES GERAIS\n<\/h3>\t\t\t\t<\/div>\n\t\t\t\t<\/div>\n\t\t\t\t<div class=\"elementor-element elementor-element-098f6b8 elementor-widget elementor-widget-text-editor\" data-id=\"098f6b8\" data-element_type=\"widget\" data-e-type=\"widget\" data-widget_type=\"text-editor.default\">\n\t\t\t\t<div class=\"elementor-widget-container\">\n\t\t\t\t\t\t\t\t\t<ol><li>As presentes condi\u00e7\u00f5es s\u00e3o referentes a um acordo de presta\u00e7\u00e3o de servi\u00e7os entre a representante da B\u00b4OCEAN (Sofia Sacadura) e o Cliente.<\/li><li>A aceita\u00e7\u00e3o de uma proposta de actividade pressup\u00f5e o conhecimento e aceita\u00e7\u00e3o das presentes condi\u00e7\u00f5es.<\/li><li>Estas condi\u00e7\u00f5es de fornecimento podem ser alteradas por contratos ou acordos eventualmente assumidos entre a B\u00b4OCEAN e o Cliente.<\/li><\/ol>\t\t\t\t\t\t\t\t<\/div>\n\t\t\t\t<\/div>\n\t\t\t\t<div class=\"elementor-element elementor-element-cd01809 elementor-widget elementor-widget-heading\" data-id=\"cd01809\" data-element_type=\"widget\" data-e-type=\"widget\" data-widget_type=\"heading.default\">\n\t\t\t\t<div class=\"elementor-widget-container\">\n\t\t\t\t\t<h3 class=\"elementor-heading-title elementor-size-default\">1. RESPONSABILIDADES DA B\u00b4OCEAN\n<\/h3>\t\t\t\t<\/div>\n\t\t\t\t<\/div>\n\t\t\t\t<div class=\"elementor-element elementor-element-f117b06 elementor-widget elementor-widget-text-editor\" data-id=\"f117b06\" data-element_type=\"widget\" data-e-type=\"widget\" data-widget_type=\"text-editor.default\">\n\t\t\t\t<div class=\"elementor-widget-container\">\n\t\t\t\t\t\t\t\t\t1.1 Prepara\u00e7\u00e3o e elabora\u00e7\u00e3o de toda a parte log\u00edstica relativamente \u00e0 actividade, antes, durante e ap\u00f3s a realiza\u00e7\u00e3o desta.\n<BR>\n1.2 Contemplar junto do Cliente, solu\u00e7\u00f5es ou datas alternativas \u00e0 actividade, sempre que por raz\u00f5es alheias \u00e0 B\u00b4OCEAN ou ao Cliente fique impossibilitada a sua concretiza\u00e7\u00e3o.\n<BR>\n1.3 Realiza\u00e7\u00e3o da actividade conforme a proposta apresentada e garantir o bom funcionamento da mesma.\n<BR>\n1.4 Apresentar ao Cliente eventuais custos adicionais, caso sejam solicitadas altera\u00e7\u00f5es n\u00e3o contempladas na proposta inicial.\t\t\t\t\t\t\t\t<\/div>\n\t\t\t\t<\/div>\n\t\t\t\t<div class=\"elementor-element elementor-element-af4bad2 elementor-widget elementor-widget-heading\" data-id=\"af4bad2\" data-element_type=\"widget\" data-e-type=\"widget\" data-widget_type=\"heading.default\">\n\t\t\t\t<div class=\"elementor-widget-container\">\n\t\t\t\t\t<h3 class=\"elementor-heading-title elementor-size-default\">2. RESPONSABILIDADES DO CLIENTE\n<\/h3>\t\t\t\t<\/div>\n\t\t\t\t<\/div>\n\t\t\t\t<div class=\"elementor-element elementor-element-d4e16f1 elementor-widget elementor-widget-text-editor\" data-id=\"d4e16f1\" data-element_type=\"widget\" data-e-type=\"widget\" data-widget_type=\"text-editor.default\">\n\t\t\t\t<div class=\"elementor-widget-container\">\n\t\t\t\t\t\t\t\t\t<p>2.1 Fornecer os dados relativos ao n\u00ba e nome dos participantes, bem como respectiva data de nascimento, para efeitos de activa\u00e7\u00e3o do seguro de acidentes pessoais.<br \/>2.2 Assegurar-se de que todos os participantes se encontram em condi\u00e7\u00f5es de sa\u00fade que lhes permitam participar nas actividades a desenvolver.<br \/>2.3 Caso n\u00e3o autorize a utiliza\u00e7\u00e3o do material audiovisual e fotogr\u00e1fico, captado durante as actividades, para fins promocionais da B\u00b4OCEAN, dever\u00e1 comunicar esse desejo ao colaborador acompanhante do processo.<br \/>2.4 Os bens pessoais trazidos pelos participantes para as actividades s\u00e3o da sua total responsabilidade, n\u00e3o podendo a B\u00b4OCEAN ser responsabilizada por perdas, furtos ou danos materiais.<\/p>\t\t\t\t\t\t\t\t<\/div>\n\t\t\t\t<\/div>\n\t\t\t\t<div class=\"elementor-element elementor-element-48b3b86 elementor-widget elementor-widget-heading\" data-id=\"48b3b86\" data-element_type=\"widget\" data-e-type=\"widget\" data-widget_type=\"heading.default\">\n\t\t\t\t<div class=\"elementor-widget-container\">\n\t\t\t\t\t<h3 class=\"elementor-heading-title elementor-size-default\">3. Pagamentos \n<\/h3>\t\t\t\t<\/div>\n\t\t\t\t<\/div>\n\t\t\t\t<div class=\"elementor-element elementor-element-cf6c26a elementor-widget elementor-widget-text-editor\" data-id=\"cf6c26a\" data-element_type=\"widget\" data-e-type=\"widget\" data-widget_type=\"text-editor.default\">\n\t\t\t\t<div class=\"elementor-widget-container\">\n\t\t\t\t\t\t\t\t\t<p>3.1 Para efectuar os pagamentos, poder\u00e1 utilizar os seguintes canais:<\/p><p>a. Transfer\u00eancia banc\u00e1ria \u2013 Dever\u00e1 ser feito, pelo menos, 12 horas antes do inicio da actividade. Para a nossa conta com o IBAN: PT50 0035 0086 00004773 900 59. A posteriori enviar o comprovativo do pagamento por correio electr\u00f3nico para o colaborador acompanhante do processo, ou ent\u00e3o para hello@bocean.pt.<\/p><p>b. Numer\u00e1rio \u2013 Devendo ser pago no dia de realiza\u00e7\u00e3o da actividade, antes do inicio da mesma.<\/p>\t\t\t\t\t\t\t\t<\/div>\n\t\t\t\t<\/div>\n\t\t\t\t<div class=\"elementor-element elementor-element-c13b268 elementor-widget elementor-widget-heading\" data-id=\"c13b268\" data-element_type=\"widget\" data-e-type=\"widget\" data-widget_type=\"heading.default\">\n\t\t\t\t<div class=\"elementor-widget-container\">\n\t\t\t\t\t<h3 class=\"elementor-heading-title elementor-size-default\">4. Cancelamento, adiamento e reembolsos \n<\/h3>\t\t\t\t<\/div>\n\t\t\t\t<\/div>\n\t\t\t\t<div class=\"elementor-element elementor-element-ce7f2b8 elementor-widget elementor-widget-text-editor\" data-id=\"ce7f2b8\" data-element_type=\"widget\" data-e-type=\"widget\" data-widget_type=\"text-editor.default\">\n\t\t\t\t<div class=\"elementor-widget-container\">\n\t\t\t\t\t\t\t\t\t<p><span style=\"font-weight: 400;\">4.1 Ser\u00e3o discutidas outras hip\u00f3teses de actividade ou datas distintas para realiza\u00e7\u00e3o da actividade programada, nas seguintes situa\u00e7\u00f5es:<\/span><\/p><p><span style=\"font-weight: 400;\">a) M\u00e1s condi\u00e7\u00f5es meteorol\u00f3gicas ou hidrol\u00f3gicas;<\/span><\/p><p><span style=\"font-weight: 400;\">b) Raz\u00f5es de for\u00e7a maior como guerras, sismos, inc\u00eandios, \u2026\u00a0<\/span><\/p><p><span style=\"font-weight: 400;\">c) Situa\u00e7\u00f5es de car\u00e1cter imprevisto e que possam p\u00f4r em perigo a seguran\u00e7a dos participantes;\u00a0<\/span><\/p><p><span style=\"font-weight: 400;\">4.2 O cancelamento de uma actividade ap\u00f3s o pagamento de adjudica\u00e7\u00e3o da mesma, n\u00e3o implica a devolu\u00e7\u00e3o deste valor. Cada situa\u00e7\u00e3o ser\u00e1 analisada individualmente pela B\u00b4OCEAN, no sentido de encontrar uma solu\u00e7\u00e3o vi\u00e1vel para ambas as partes.\u00a0<\/span><\/p><p><span style=\"font-weight: 400;\">4.3 Qualquer cancelamento que n\u00e3o seja realizado com base nas al\u00edneas do ponto 1 e que seja feito a menos de 24h da hora prevista para a actividade ter\u00e1 um custo de: &#8211; 20% do valor total da proposta, caso seja remarcada\/adiada a actividade para outra data; &#8211; 50% do valor total da proposta, caso seja simplesmente cancelada (sem remarca\u00e7\u00e3o).<\/span><\/p><p><span style=\"font-weight: 400;\">4.4 Os cancelamentos s\u00f3 s\u00e3o considerados v\u00e1lidos quando efectuados por escrito para o e-mail divulgado no site da B\u00b4OCEAN. <\/span><\/p>\t\t\t\t\t\t\t\t<\/div>\n\t\t\t\t<\/div>\n\t\t\t\t<div class=\"elementor-element elementor-element-e9e8dfc elementor-widget elementor-widget-heading\" data-id=\"e9e8dfc\" data-element_type=\"widget\" data-e-type=\"widget\" data-widget_type=\"heading.default\">\n\t\t\t\t<div class=\"elementor-widget-container\">\n\t\t\t\t\t<h3 class=\"elementor-heading-title elementor-size-default\">5. Garantia de Satisfa\u00e7\u00e3o \n<\/h3>\t\t\t\t<\/div>\n\t\t\t\t<\/div>\n\t\t\t\t<div class=\"elementor-element elementor-element-65b8aa8 elementor-widget elementor-widget-text-editor\" data-id=\"65b8aa8\" data-element_type=\"widget\" data-e-type=\"widget\" data-widget_type=\"text-editor.default\">\n\t\t\t\t<div class=\"elementor-widget-container\">\n\t\t\t\t\t\t\t\t\t\nCaso o cliente n\u00e3o fique satisfeito com o servi\u00e7o prestado, dever\u00e1 expor a situa\u00e7\u00e3o para o email hello@bocean.pt. Ap\u00f3s recep\u00e7\u00e3o e an\u00e1lise do mesmo, o cliente receber\u00e1 um voucher com validade de um m\u00eas, pessoal e intransmiss\u00edvel, que lhe permitir\u00e1 repetir a actividade. \n\t\t\t\t\t\t\t\t<\/div>\n\t\t\t\t<\/div>\n\t\t\t\t<div class=\"elementor-element elementor-element-a2fb605 elementor-widget elementor-widget-heading\" data-id=\"a2fb605\" data-element_type=\"widget\" data-e-type=\"widget\" data-widget_type=\"heading.default\">\n\t\t\t\t<div class=\"elementor-widget-container\">\n\t\t\t\t\t<h3 class=\"elementor-heading-title elementor-size-default\">6. Garantia de Satisfa\u00e7\u00e3o \n<\/h3>\t\t\t\t<\/div>\n\t\t\t\t<\/div>\n\t\t\t\t<div class=\"elementor-element elementor-element-68120f5 elementor-widget elementor-widget-text-editor\" data-id=\"68120f5\" data-element_type=\"widget\" data-e-type=\"widget\" data-widget_type=\"text-editor.default\">\n\t\t\t\t<div class=\"elementor-widget-container\">\n\t\t\t\t\t\t\t\t\t<p>6.1 A B\u00b4OCEAN disp\u00f5e de um seguro de responsabilidade civil, que assume os danos causados a terceiros, at\u00e9 um valor de 50.000\u20ac por sinistro.<\/p><p>6.2 Para cada actividade, ser\u00e1 celebrado ainda um seguro de acidentes pessoais para os participantes. Esta ap\u00f3lice assegura cobertura at\u00e9 80.000\u20ac por morte ou invalidez permanente e at\u00e9 14.000\u20ac para despesas de tratamento e repatriamento.<\/p><p>6.3 Os seguros apresentados pela B\u00b4OCEAN est\u00e3o em conformidade com o estipulado pelo Decreto-lei n\u00ba 108\/2009, art. 20\u00ba.<\/p>\t\t\t\t\t\t\t\t<\/div>\n\t\t\t\t<\/div>\n\t\t\t\t<div class=\"elementor-element elementor-element-32c165f elementor-widget elementor-widget-heading\" data-id=\"32c165f\" data-element_type=\"widget\" data-e-type=\"widget\" data-widget_type=\"heading.default\">\n\t\t\t\t<div class=\"elementor-widget-container\">\n\t\t\t\t\t<h3 class=\"elementor-heading-title elementor-size-default\">7. Local de encontro\n<\/h3>\t\t\t\t<\/div>\n\t\t\t\t<\/div>\n\t\t\t\t<div class=\"elementor-element elementor-element-55d1501 elementor-widget elementor-widget-text-editor\" data-id=\"55d1501\" data-element_type=\"widget\" data-e-type=\"widget\" data-widget_type=\"text-editor.default\">\n\t\t\t\t<div class=\"elementor-widget-container\">\n\t\t\t\t\t\t\t\t\tO local de encontro dos participantes com o guia respons\u00e1vel pela atividade ser\u00e1 comunicado aos participantes de forma atempada antes da experiencia, por email ou messagem.\t\t\t\t\t\t\t\t<\/div>\n\t\t\t\t<\/div>\n\t\t\t\t<div class=\"elementor-element elementor-element-1f7248f elementor-widget elementor-widget-heading\" data-id=\"1f7248f\" data-element_type=\"widget\" data-e-type=\"widget\" data-widget_type=\"heading.default\">\n\t\t\t\t<div class=\"elementor-widget-container\">\n\t\t\t\t\t<h3 class=\"elementor-heading-title elementor-size-default\">8. Altera\u00e7\u00f5es realizadas pela B\u00b4OCEAN\n\n<\/h3>\t\t\t\t<\/div>\n\t\t\t\t<\/div>\n\t\t\t\t<div class=\"elementor-element elementor-element-a2b003d elementor-widget elementor-widget-text-editor\" data-id=\"a2b003d\" data-element_type=\"widget\" data-e-type=\"widget\" data-widget_type=\"text-editor.default\">\n\t\t\t\t<div class=\"elementor-widget-container\">\n\t\t\t\t\t\t\t\t\t<p><span style=\"font-weight: 400;\">Sempre que existam raz\u00f5es que o justifiquem, a B\u00b4OCEAN poder\u00e1 alterar o ponto de encontro, modificar as horas de inicio de actividade ou substituir a ordem das actividades previstas, devendo informar o Cliente da altera\u00e7\u00e3o, logo que dela tenha conhecimento.<\/span><\/p><p><br \/><span style=\"font-weight: 400;\">Data da \u00faltima atualiza\u00e7\u00e3o<\/span><b>:<\/b><span style=\"font-weight: 400;\"> 16 de Maio de 2022<\/span><\/p>\t\t\t\t\t\t\t\t<\/div>\n\t\t\t\t<\/div>\n\t\t\t\t<div class=\"elementor-element elementor-element-29411f2 elementor-widget elementor-widget-heading\" data-id=\"29411f2\" data-element_type=\"widget\" data-e-type=\"widget\" data-widget_type=\"heading.default\">\n\t\t\t\t<div class=\"elementor-widget-container\">\n\t\t\t\t\t<h3 class=\"elementor-heading-title elementor-size-default\">CONDI\u00c7\u00d5ES GERAIS DE PARTICIPA\u00c7\u00c3O \n\n<\/h3>\t\t\t\t<\/div>\n\t\t\t\t<\/div>\n\t\t\t\t<div class=\"elementor-element elementor-element-d3694cb elementor-widget elementor-widget-text-editor\" data-id=\"d3694cb\" data-element_type=\"widget\" data-e-type=\"widget\" data-widget_type=\"text-editor.default\">\n\t\t\t\t<div class=\"elementor-widget-container\">\n\t\t\t\t\t\t\t\t\t<p>Ao aceitar participar nas actividades organizadas pela B\u00b4OCEAN, o cliente\/participante reconhece ter lido, compreendido e aceite o conte\u00fado deste documento, comprometendo-se a respeitar o seguinte c\u00f3digo de conduta:<\/p><ol><li>O cliente\/participante reconhece e aceita os riscos inerentes \u00e0 participa\u00e7\u00e3o na actividade, decorrentes de altera\u00e7\u00f5es meteorol\u00f3gicas, avarias de equipamentos e\/ou acidentes provocados por outros clientes\/participantes ou monitores da B\u00b4OCEAN;<\/li><li>Tomou conhecimento de que se encontra coberto por uma ap\u00f3lice de seguro de responsabilidade civil e outra de acidentes pessoais, assim como das respectivas coberturas;<\/li><li>Atesta encontrar-se fisicamente\/psicologicamente apto a realizar a actividade em que se prop\u00f5e participar;<\/li><li>Atesta n\u00e3o se encontrar sob os efeitos do consumo de \u00e1lcool, drogas ou estupefacientes que possam de alguma forma afectar ou limitar a sua capacidade de julgamento e bom senso;<\/li><li>Atesta n\u00e3o ter sido advertido por nenhum profissional de sa\u00fade para qualquer condi\u00e7\u00e3o que o desaconselhe ou impe\u00e7a de participar na actividade;<\/li><li>Compromete-se a respeitar e seguir as indica\u00e7\u00f5es que lhe forem dadas pelos monitores que acompanham a actividade;<\/li><li>Autoriza o uso do seu nome e\/ou imagem relativamente \u00e0 sua participa\u00e7\u00e3o na actividade e renuncia a qualquer compensa\u00e7\u00e3o futura pela sua utiliza\u00e7\u00e3o.<br \/>Data da \u00faltima atualiza\u00e7\u00e3o: 16 de Maio de 2022<\/li><\/ol>\t\t\t\t\t\t\t\t<\/div>\n\t\t\t\t<\/div>\n\t\t\t\t\t<\/div>\n\t\t<\/div>\n\t\t\t\t\t<\/div>\n\t\t<\/section>\n\t\t\t\t<\/div>\n\t\t","protected":false},"excerpt":{"rendered":"<p>\/\/ TERMOS E CONDI\u00c7\u00d5ES CONDI\u00c7\u00d5ES GERAIS As presentes condi\u00e7\u00f5es s\u00e3o referentes a um acordo de presta\u00e7\u00e3o de servi\u00e7os entre a representante da B\u00b4OCEAN (Sofia Sacadura) e o Cliente. A aceita\u00e7\u00e3o de uma proposta de actividade pressup\u00f5e o conhecimento e aceita\u00e7\u00e3o das presentes condi\u00e7\u00f5es. Estas condi\u00e7\u00f5es de fornecimento podem ser alteradas por contratos ou acordos eventualmente [&hellip;]<\/p>\n","protected":false},"author":2,"featured_media":0,"parent":0,"menu_order":0,"comment_status":"closed","ping_status":"closed","template":"","meta":{"site-sidebar-layout":"no-sidebar","site-content-layout":"page-builder","ast-site-content-layout":"","site-content-style":"default","site-sidebar-style":"default","ast-global-header-display":"","ast-banner-title-visibility":"","ast-main-header-display":"","ast-hfb-above-header-display":"","ast-hfb-below-header-display":"","ast-hfb-mobile-header-display":"","site-post-title":"disabled","ast-breadcrumbs-content":"","ast-featured-img":"disabled","footer-sml-layout":"","theme-transparent-header-meta":"disabled","adv-header-id-meta":"","stick-header-meta":"","header-above-stick-meta":"","header-main-stick-meta":"","header-below-stick-meta":"","astra-migrate-meta-layouts":"default","ast-page-background-enabled":"default","ast-page-background-meta":{"desktop":{"background-color":"","background-image":"","background-repeat":"repeat","background-position":"center center","background-size":"auto","background-attachment":"scroll","background-type":"","background-media":"","overlay-type":"","overlay-color":"","overlay-opacity":"","overlay-gradient":""},"tablet":{"background-color":"","background-image":"","background-repeat":"repeat","background-position":"center center","background-size":"auto","background-attachment":"scroll","background-type":"","background-media":"","overlay-type":"","overlay-color":"","overlay-opacity":"","overlay-gradient":""},"mobile":{"background-color":"","background-image":"","background-repeat":"repeat","background-position":"center center","background-size":"auto","background-attachment":"scroll","background-type":"","background-media":"","overlay-type":"","overlay-color":"","overlay-opacity":"","overlay-gradient":""}},"ast-content-background-meta":{"desktop":{"background-color":"var(--ast-global-color-5)","background-image":"","background-repeat":"repeat","background-position":"center center","background-size":"auto","background-attachment":"scroll","background-type":"","background-media":"","overlay-type":"","overlay-color":"","overlay-opacity":"","overlay-gradient":""},"tablet":{"background-color":"var(--ast-global-color-5)","background-image":"","background-repeat":"repeat","background-position":"center center","background-size":"auto","background-attachment":"scroll","background-type":"","background-media":"","overlay-type":"","overlay-color":"","overlay-opacity":"","overlay-gradient":""},"mobile":{"background-color":"var(--ast-global-color-5)","background-image":"","background-repeat":"repeat","background-position":"center center","background-size":"auto","background-attachment":"scroll","background-type":"","background-media":"","overlay-type":"","overlay-color":"","overlay-opacity":"","overlay-gradient":""}},"footnotes":""},"class_list":["post-783","page","type-page","status-publish","hentry"],"yoast_head":"<!-- This site is optimized with the Yoast SEO plugin v27.4 - https:\/\/yoast.com\/product\/yoast-seo-wordpress\/ -->\n<title>termos e condi\u00e7\u00f5es - B&#039;Ocean<\/title>\n<meta name=\"robots\" content=\"index, follow, max-snippet:-1, max-image-preview:large, max-video-preview:-1\" \/>\n<link rel=\"canonical\" href=\"https:\/\/b-ocean.pt\/index.php\/termos-e-condicoes\/\" \/>\n<meta property=\"og:locale\" content=\"pt_PT\" \/>\n<meta property=\"og:type\" content=\"article\" \/>\n<meta property=\"og:title\" content=\"termos e condi\u00e7\u00f5es - B&#039;Ocean\" \/>\n<meta property=\"og:description\" content=\"\/\/ TERMOS E CONDI\u00c7\u00d5ES CONDI\u00c7\u00d5ES GERAIS As presentes condi\u00e7\u00f5es s\u00e3o referentes a um acordo de presta\u00e7\u00e3o de servi\u00e7os entre a representante da B\u00b4OCEAN (Sofia Sacadura) e o Cliente. A aceita\u00e7\u00e3o de uma proposta de actividade pressup\u00f5e o conhecimento e aceita\u00e7\u00e3o das presentes condi\u00e7\u00f5es. Estas condi\u00e7\u00f5es de fornecimento podem ser alteradas por contratos ou acordos eventualmente [&hellip;]\" \/>\n<meta property=\"og:url\" content=\"https:\/\/b-ocean.pt\/index.php\/termos-e-condicoes\/\" \/>\n<meta property=\"og:site_name\" content=\"B&#039;Ocean\" \/>\n<meta property=\"article:modified_time\" content=\"2022-07-04T23:00:37+00:00\" \/>\n<meta property=\"og:image\" content=\"https:\/\/b-ocean.pt\/wp-content\/uploads\/2022\/05\/jeremy-bishop-7KLUhedmR2c-unsplash-1.jpg\" \/>\n\t<meta property=\"og:image:width\" content=\"1366\" \/>\n\t<meta property=\"og:image:height\" content=\"651\" \/>\n\t<meta property=\"og:image:type\" content=\"image\/jpeg\" \/>\n<meta name=\"twitter:card\" content=\"summary_large_image\" \/>\n<meta name=\"twitter:label1\" content=\"Tempo estimado de leitura\" \/>\n\t<meta name=\"twitter:data1\" content=\"4 minutos\" \/>\n<script type=\"application\/ld+json\" class=\"yoast-schema-graph\">{\"@context\":\"https:\\\/\\\/schema.org\",\"@graph\":[{\"@type\":\"WebPage\",\"@id\":\"https:\\\/\\\/b-ocean.pt\\\/index.php\\\/termos-e-condicoes\\\/\",\"url\":\"https:\\\/\\\/b-ocean.pt\\\/index.php\\\/termos-e-condicoes\\\/\",\"name\":\"termos e condi\u00e7\u00f5es - B&#039;Ocean\",\"isPartOf\":{\"@id\":\"https:\\\/\\\/b-ocean.pt\\\/#website\"},\"datePublished\":\"2022-05-17T10:16:39+00:00\",\"dateModified\":\"2022-07-04T23:00:37+00:00\",\"breadcrumb\":{\"@id\":\"https:\\\/\\\/b-ocean.pt\\\/index.php\\\/termos-e-condicoes\\\/#breadcrumb\"},\"inLanguage\":\"pt-PT\",\"potentialAction\":[{\"@type\":\"ReadAction\",\"target\":[\"https:\\\/\\\/b-ocean.pt\\\/index.php\\\/termos-e-condicoes\\\/\"]}]},{\"@type\":\"BreadcrumbList\",\"@id\":\"https:\\\/\\\/b-ocean.pt\\\/index.php\\\/termos-e-condicoes\\\/#breadcrumb\",\"itemListElement\":[{\"@type\":\"ListItem\",\"position\":1,\"name\":\"Home\",\"item\":\"https:\\\/\\\/b-ocean.pt\\\/\"},{\"@type\":\"ListItem\",\"position\":2,\"name\":\"termos e condi\u00e7\u00f5es\"}]},{\"@type\":\"WebSite\",\"@id\":\"https:\\\/\\\/b-ocean.pt\\\/#website\",\"url\":\"https:\\\/\\\/b-ocean.pt\\\/\",\"name\":\"B&#039;Ocean\",\"description\":\"Be part of it!\",\"potentialAction\":[{\"@type\":\"SearchAction\",\"target\":{\"@type\":\"EntryPoint\",\"urlTemplate\":\"https:\\\/\\\/b-ocean.pt\\\/?s={search_term_string}\"},\"query-input\":{\"@type\":\"PropertyValueSpecification\",\"valueRequired\":true,\"valueName\":\"search_term_string\"}}],\"inLanguage\":\"pt-PT\"}]}<\/script>\n<!-- \/ Yoast SEO plugin. -->","yoast_head_json":{"title":"termos e condi\u00e7\u00f5es - B&#039;Ocean","robots":{"index":"index","follow":"follow","max-snippet":"max-snippet:-1","max-image-preview":"max-image-preview:large","max-video-preview":"max-video-preview:-1"},"canonical":"https:\/\/b-ocean.pt\/index.php\/termos-e-condicoes\/","og_locale":"pt_PT","og_type":"article","og_title":"termos e condi\u00e7\u00f5es - B&#039;Ocean","og_description":"\/\/ TERMOS E CONDI\u00c7\u00d5ES CONDI\u00c7\u00d5ES GERAIS As presentes condi\u00e7\u00f5es s\u00e3o referentes a um acordo de presta\u00e7\u00e3o de servi\u00e7os entre a representante da B\u00b4OCEAN (Sofia Sacadura) e o Cliente. A aceita\u00e7\u00e3o de uma proposta de actividade pressup\u00f5e o conhecimento e aceita\u00e7\u00e3o das presentes condi\u00e7\u00f5es. Estas condi\u00e7\u00f5es de fornecimento podem ser alteradas por contratos ou acordos eventualmente [&hellip;]","og_url":"https:\/\/b-ocean.pt\/index.php\/termos-e-condicoes\/","og_site_name":"B&#039;Ocean","article_modified_time":"2022-07-04T23:00:37+00:00","og_image":[{"width":1366,"height":651,"url":"https:\/\/b-ocean.pt\/wp-content\/uploads\/2022\/05\/jeremy-bishop-7KLUhedmR2c-unsplash-1.jpg","type":"image\/jpeg"}],"twitter_card":"summary_large_image","twitter_misc":{"Tempo estimado de leitura":"4 minutos"},"schema":{"@context":"https:\/\/schema.org","@graph":[{"@type":"WebPage","@id":"https:\/\/b-ocean.pt\/index.php\/termos-e-condicoes\/","url":"https:\/\/b-ocean.pt\/index.php\/termos-e-condicoes\/","name":"termos e condi\u00e7\u00f5es - B&#039;Ocean","isPartOf":{"@id":"https:\/\/b-ocean.pt\/#website"},"datePublished":"2022-05-17T10:16:39+00:00","dateModified":"2022-07-04T23:00:37+00:00","breadcrumb":{"@id":"https:\/\/b-ocean.pt\/index.php\/termos-e-condicoes\/#breadcrumb"},"inLanguage":"pt-PT","potentialAction":[{"@type":"ReadAction","target":["https:\/\/b-ocean.pt\/index.php\/termos-e-condicoes\/"]}]},{"@type":"BreadcrumbList","@id":"https:\/\/b-ocean.pt\/index.php\/termos-e-condicoes\/#breadcrumb","itemListElement":[{"@type":"ListItem","position":1,"name":"Home","item":"https:\/\/b-ocean.pt\/"},{"@type":"ListItem","position":2,"name":"termos e condi\u00e7\u00f5es"}]},{"@type":"WebSite","@id":"https:\/\/b-ocean.pt\/#website","url":"https:\/\/b-ocean.pt\/","name":"B&#039;Ocean","description":"Be part of it!","potentialAction":[{"@type":"SearchAction","target":{"@type":"EntryPoint","urlTemplate":"https:\/\/b-ocean.pt\/?s={search_term_string}"},"query-input":{"@type":"PropertyValueSpecification","valueRequired":true,"valueName":"search_term_string"}}],"inLanguage":"pt-PT"}]}},"_links":{"self":[{"href":"https:\/\/b-ocean.pt\/index.php\/wp-json\/wp\/v2\/pages\/783","targetHints":{"allow":["GET"]}}],"collection":[{"href":"https:\/\/b-ocean.pt\/index.php\/wp-json\/wp\/v2\/pages"}],"about":[{"href":"https:\/\/b-ocean.pt\/index.php\/wp-json\/wp\/v2\/types\/page"}],"author":[{"embeddable":true,"href":"https:\/\/b-ocean.pt\/index.php\/wp-json\/wp\/v2\/users\/2"}],"replies":[{"embeddable":true,"href":"https:\/\/b-ocean.pt\/index.php\/wp-json\/wp\/v2\/comments?post=783"}],"version-history":[{"count":42,"href":"https:\/\/b-ocean.pt\/index.php\/wp-json\/wp\/v2\/pages\/783\/revisions"}],"predecessor-version":[{"id":1902,"href":"https:\/\/b-ocean.pt\/index.php\/wp-json\/wp\/v2\/pages\/783\/revisions\/1902"}],"wp:attachment":[{"href":"https:\/\/b-ocean.pt\/index.php\/wp-json\/wp\/v2\/media?parent=783"}],"curies":[{"name":"wp","href":"https:\/\/api.w.org\/{rel}","templated":true}]}}